{"id":452,"date":"2020-01-27T11:29:48","date_gmt":"2020-01-27T10:29:48","guid":{"rendered":"http:\/\/en.hering-beratung.de\/?page_id=452"},"modified":"2022-09-12T12:37:28","modified_gmt":"2022-09-12T10:37:28","slug":"datenschutz","status":"publish","type":"page","link":"https:\/\/hering-beratung.de\/en\/datenschutz\/","title":{"rendered":"Datenschutz"},"content":{"rendered":"<p><div class=\"fusion-fullwidth fullwidth-box fusion-builder-row-1 fusion-parallax-none nonhundred-percent-fullwidth non-hundred-percent-height-scrolling\" style=\"--awb-border-radius-top-left:0px;--awb-border-radius-top-right:0px;--awb-border-radius-bottom-right:0px;--awb-border-radius-bottom-left:0px;--awb-padding-top:0px;--awb-padding-bottom:0px;--awb-margin-top:0px;--awb-margin-bottom:0px;--awb-background-image:url(&quot;https:\/\/en.hering-beratung.de\/wp-content\/uploads\/2020\/01\/balken-8.jpg&quot;);--awb-background-size:cover;--awb-flex-wrap:wrap;\" ><div class=\"fusion-builder-row fusion-row\"><div class=\"fusion-layout-column fusion_builder_column fusion-builder-column-0 fusion_builder_column_1_1 1_1 fusion-one-full fusion-column-first fusion-column-last\" style=\"--awb-padding-top:10px;--awb-bg-size:cover;--awb-margin-bottom:0px;\"><div class=\"fusion-column-wrapper fusion-column-has-shadow fusion-flex-column-wrapper-legacy\"><div class=\"fusion-text fusion-text-1\"><p><span style=\"font-size: 28px; color: #ffffff;\"><strong>Datenschutz<\/strong><\/span><\/p>\n<\/div><div class=\"fusion-clearfix\"><\/div><\/div><\/div><\/div><\/div><div class=\"fusion-fullwidth fullwidth-box fusion-builder-row-2 nonhundred-percent-fullwidth non-hundred-percent-height-scrolling\" style=\"--awb-background-position:center top;--awb-border-radius-top-left:0px;--awb-border-radius-top-right:0px;--awb-border-radius-bottom-right:0px;--awb-border-radius-bottom-left:0px;--awb-padding-top:60px;--awb-padding-bottom:0px;--awb-margin-top:0px;--awb-margin-bottom:0px;--awb-flex-wrap:wrap;\" ><div class=\"fusion-builder-row fusion-row\"><div class=\"fusion-layout-column fusion_builder_column fusion-builder-column-1 fusion_builder_column_1_6 1_6 fusion-one-sixth fusion-column-first\" style=\"--awb-bg-size:cover;width:16.666666666667%;width:calc(16.666666666667% - ( ( 4% ) * 0.16666666666667 ) );margin-right: 4%;\"><div class=\"fusion-column-wrapper fusion-column-has-shadow fusion-flex-column-wrapper-legacy\"><div class=\"fusion-image-element fusion-image-align-left fusion-no-small-visibility fusion-no-medium-visibility in-legacy-container\" style=\"text-align:left;--awb-max-width:200px;--awb-caption-title-font-family:var(--h2_typography-font-family);--awb-caption-title-font-weight:var(--h2_typography-font-weight);--awb-caption-title-font-style:var(--h2_typography-font-style);--awb-caption-title-size:var(--h2_typography-font-size);--awb-caption-title-transform:var(--h2_typography-text-transform);--awb-caption-title-line-height:var(--h2_typography-line-height);--awb-caption-title-letter-spacing:var(--h2_typography-letter-spacing);\"><span class=\" fusion-imageframe imageframe-none imageframe-1 hover-type-none\" style=\"margin-right:25px;float:left;\"><img decoding=\"async\" width=\"230\" height=\"196\" src=\"https:\/\/en.hering-beratung.de\/wp-content\/uploads\/2020\/02\/hering-beratung-1b.png\" alt class=\"img-responsive wp-image-558\" srcset=\"https:\/\/hering-beratung.de\/en\/wp-content\/uploads\/2020\/02\/hering-beratung-1b-200x170.png 200w, https:\/\/hering-beratung.de\/en\/wp-content\/uploads\/2020\/02\/hering-beratung-1b.png 230w\" sizes=\"(max-width: 1000px) 100vw, 200px\" \/><\/span><\/div><div class=\"fusion-image-element fusion-image-align-center fusion-no-medium-visibility fusion-no-large-visibility in-legacy-container\" style=\"text-align:center;--awb-max-width:200px;--awb-caption-title-font-family:var(--h2_typography-font-family);--awb-caption-title-font-weight:var(--h2_typography-font-weight);--awb-caption-title-font-style:var(--h2_typography-font-style);--awb-caption-title-size:var(--h2_typography-font-size);--awb-caption-title-transform:var(--h2_typography-text-transform);--awb-caption-title-line-height:var(--h2_typography-line-height);--awb-caption-title-letter-spacing:var(--h2_typography-letter-spacing);\"><div class=\"imageframe-align-center\"><span class=\" fusion-imageframe imageframe-none imageframe-2 hover-type-none\"><img decoding=\"async\" width=\"230\" height=\"196\" src=\"https:\/\/en.hering-beratung.de\/wp-content\/uploads\/2020\/02\/hering-beratung-1b.png\" alt class=\"img-responsive wp-image-558\" srcset=\"https:\/\/hering-beratung.de\/en\/wp-content\/uploads\/2020\/02\/hering-beratung-1b-200x170.png 200w, https:\/\/hering-beratung.de\/en\/wp-content\/uploads\/2020\/02\/hering-beratung-1b.png 230w\" sizes=\"(max-width: 1000px) 100vw, 200px\" \/><\/span><\/div><\/div><div class=\"fusion-clearfix\"><\/div><\/div><\/div><div class=\"fusion-layout-column fusion_builder_column fusion-builder-column-2 fusion_builder_column_5_6 5_6 fusion-five-sixth fusion-column-last\" style=\"--awb-bg-size:cover;width:83.333333333333%;width:calc(83.333333333333% - ( ( 4% ) * 0.83333333333333 ) );\"><div class=\"fusion-column-wrapper fusion-column-has-shadow fusion-flex-column-wrapper-legacy\"><div class=\"fusion-image-element fusion-image-align-left fusion-no-small-visibility fusion-no-large-visibility in-legacy-container\" style=\"text-align:left;--awb-max-width:80px;--awb-caption-title-font-family:var(--h2_typography-font-family);--awb-caption-title-font-weight:var(--h2_typography-font-weight);--awb-caption-title-font-style:var(--h2_typography-font-style);--awb-caption-title-size:var(--h2_typography-font-size);--awb-caption-title-transform:var(--h2_typography-text-transform);--awb-caption-title-line-height:var(--h2_typography-line-height);--awb-caption-title-letter-spacing:var(--h2_typography-letter-spacing);\"><span class=\" fusion-imageframe imageframe-none imageframe-3 hover-type-none\" style=\"margin-right:25px;float:left;\"><img decoding=\"async\" width=\"230\" height=\"196\" src=\"https:\/\/en.hering-beratung.de\/wp-content\/uploads\/2020\/02\/hering-beratung-1b.png\" alt class=\"img-responsive wp-image-558\" srcset=\"https:\/\/hering-beratung.de\/en\/wp-content\/uploads\/2020\/02\/hering-beratung-1b-200x170.png 200w, https:\/\/hering-beratung.de\/en\/wp-content\/uploads\/2020\/02\/hering-beratung-1b.png 230w\" sizes=\"(max-width: 1000px) 100vw, 230px\" \/><\/span><\/div><div class=\"fusion-title title fusion-title-1 fusion-sep-none fusion-title-text fusion-title-size-one\"><h1 class=\"fusion-title-heading title-heading-left fusion-responsive-typography-calculated\" style=\"margin:0;--fontSize:34;line-height:1.4;\">Datenschutzerkl\u00e4rung<\/h1><\/div><div class=\"fusion-text fusion-text-2\"><p>Der Schutz Ihrer pers\u00f6nlichen Daten ist mir wichtig. Daher m\u00f6chte ich Sie an dieser Stelle informieren, wie ich die geltenden Datenschutzbestimmungen im Rahmen meines Internet-Angebotes umsetze.<\/p>\n<\/div><div class=\"fusion-title title fusion-title-2 fusion-sep-none fusion-title-text fusion-title-size-two\" style=\"--awb-margin-top:40px;--awb-margin-bottom:15px;--awb-margin-top-small:40px;--awb-margin-bottom-small:15px;--awb-font-size:26px;\"><h2 class=\"fusion-title-heading title-heading-left fusion-responsive-typography-calculated\" style=\"margin:0;font-size:1em;--fontSize:26;--minFontSize:26;line-height:1.5;\">1. Name und Kontaktdaten des f\u00fcr die Verarbeitung Verantwortlichen<\/h2><\/div><div class=\"fusion-text fusion-text-3\"><p>Diese Datenschutz-Information gilt f\u00fcr die Datenverarbeitung durch nachfolgend angegebene verantwortliche Stelle:<br \/>\nRichard Hering<br \/>\nAm Nu\u00dfbaum 20<br \/>\n65329 Hohenstein<br \/>\nDeutschland<\/p>\n<p>E-Mail: <a href=\"mailto:service@hering-beratung.de\">service@hering-beratung.de<\/a><br \/>\nTelefon: +49 \u2013 61 24 \u2013 72 59 060<br \/>\nTelefax: +49 \u2013 61 24 \u2013 72 59 061<\/p>\n<\/div><div class=\"fusion-title title fusion-title-3 fusion-sep-none fusion-title-text fusion-title-size-two\" style=\"--awb-margin-top:40px;--awb-margin-bottom:15px;--awb-margin-top-small:40px;--awb-margin-bottom-small:15px;--awb-font-size:26px;\"><h2 class=\"fusion-title-heading title-heading-left fusion-responsive-typography-calculated\" style=\"margin:0;font-size:1em;--fontSize:26;--minFontSize:26;line-height:1.5;\">2. Erfassung allgemeiner Informationen beim Besuch meiner Website<\/h2><\/div><div class=\"fusion-title title fusion-title-4 fusion-sep-none fusion-title-text fusion-title-size-three\" style=\"--awb-margin-top:10px;--awb-margin-bottom:15px;--awb-margin-top-small:10px;--awb-margin-bottom-small:15px;--awb-font-size:22px;\"><h3 class=\"fusion-title-heading title-heading-left fusion-responsive-typography-calculated\" style=\"margin:0;font-size:1em;--fontSize:22;--minFontSize:22;line-height:1.5;\">2.1 Cookies<\/h3><\/div><div class=\"fusion-text fusion-text-4\"><p>Die Internetseiten verwenden teilweise so genannte Cookies. Cookies richten auf Ihrem Rechner keinen Schaden an und enthalten keine Viren. Cookies dienen dazu, unser Angebot nutzerfreundlicher, effektiver und sicherer zu machen. Cookies sind kleine Textdateien, die auf Ihrem Rechner abgelegt werden und die Ihr Browser speichert.<\/p>\n<p>Die meisten der von uns verwendeten Cookies sind so genannte \u201eSession-Cookies\u201c. Sie werden nach Ende Ihres Besuchs automatisch gel\u00f6scht. Andere Cookies bleiben auf Ihrem Endger\u00e4t gespeichert, bis Sie diese l\u00f6schen. Diese Cookies erm\u00f6glichen es uns, Ihren Browser beim n\u00e4chsten Besuch<br \/>\nwiederzuerkennen.<\/p>\n<p>Sie k\u00f6nnen Ihren Browser so einstellen, dass Sie \u00fcber das Setzen von Cookies informiert werden und Cookies nur im Einzelfall erlauben, die Annahme von Cookies f\u00fcr bestimmte F\u00e4lle oder generell ausschlie\u00dfen sowie das automatische L\u00f6schen der Cookies beim Schlie\u00dfen des Browser aktivieren. Bei der Deaktivierung von Cookies kann die Funktionalit\u00e4t dieser Website eingeschr\u00e4nkt sein.<\/p>\n<\/div><div class=\"fusion-title title fusion-title-5 fusion-sep-none fusion-title-text fusion-title-size-three\" style=\"--awb-margin-top:10px;--awb-margin-bottom:15px;--awb-margin-top-small:10px;--awb-margin-bottom-small:15px;--awb-font-size:22px;\"><h3 class=\"fusion-title-heading title-heading-left fusion-responsive-typography-calculated\" style=\"margin:0;font-size:1em;--fontSize:22;--minFontSize:22;line-height:1.5;\">2.2 Server-Log-Files<\/h3><\/div><div class=\"fusion-text fusion-text-5\"><p>Der Provider der Seiten erhebt und speichert automatisch Informationen in so genannten Server-Log Files, die Ihr Browser automatisch an uns \u00fcbermittelt. Dies sind:<\/p>\n<ul>\n<li>Browsertyp und Browserversion<\/li>\n<li>verwendetes Betriebssystem<\/li>\n<li>Referrer URL<\/li>\n<li>Hostname des zugreifenden Rechners<\/li>\n<li>Uhrzeit der Serveranfrage<\/li>\n<\/ul>\n<p>Diese Daten sind nicht bestimmten Personen zuordenbar. Eine Zusammenf\u00fchrung dieser Daten mit anderen Datenquellen wird nicht vorgenommen. Wir behalten uns vor, diese Daten nachtr\u00e4glich zu pr\u00fcfen, wenn uns konkrete Anhaltspunkte f\u00fcr eine rechtswidrige Nutzung bekannt werden.<\/p>\n<\/div><div class=\"fusion-title title fusion-title-6 fusion-sep-none fusion-title-text fusion-title-size-two\" style=\"--awb-margin-top:40px;--awb-margin-bottom:15px;--awb-margin-top-small:40px;--awb-margin-bottom-small:15px;--awb-font-size:26px;\"><h2 class=\"fusion-title-heading title-heading-left fusion-responsive-typography-calculated\" style=\"margin:0;font-size:1em;--fontSize:26;--minFontSize:26;line-height:1.5;\">3. Zwecke der Datenverarbeitung, Weitergabe von Daten<\/h2><\/div><div class=\"fusion-text fusion-text-6\"><p>Ich verarbeite Ihre personenbezogenen Daten nur zu den in dieser Datenschutzerkl\u00e4rung genannten Zwecken. Eine \u00dcbermittlung Ihrer pers\u00f6nlichen Daten an Dritte zu anderen als den genannten Zwecken findet nicht statt.<\/p>\n<p>Ich gebe Ihre pers\u00f6nlichen Daten nur an Dritte weiter, wenn:<\/p>\n<ul>\n<li>Sie gem. Art. 6 Abs. 1 S. 1 lit. a DSGVO Ihre ausdr\u00fcckliche Einwilligung dazu erteilt haben,<\/li>\n<li>die Verarbeitung gem. Art. 6 Abs. 1 S. 1 lit. b DSGVO zur Abwicklung eines Vertrages mit Ihnen erforderlich ist,<\/li>\n<li>die Verarbeitung gem. Art. 6 Abs. 1 S. 1 lit. c DSGVO zur Erf\u00fcllung einer rechtlichen Verpflichtung erforderlich ist oder<\/li>\n<li>die Verarbeitung gem. Art. 6 Abs. 1 S. 1 lit. f DSGVO zur Wahrung berechtigter Interessen erforderlich ist und kein Grund zur Annahme besteht, dass Sie ein \u00fcberwiegendes schutzw\u00fcrdiges Interesse an der Nichtweitergabe Ihrer Daten haben.<\/li>\n<\/ul>\n<\/div><div class=\"fusion-title title fusion-title-7 fusion-sep-none fusion-title-text fusion-title-size-two\" style=\"--awb-margin-top:40px;--awb-margin-bottom:15px;--awb-margin-top-small:40px;--awb-margin-bottom-small:15px;--awb-font-size:26px;\"><h2 class=\"fusion-title-heading title-heading-left fusion-responsive-typography-calculated\" style=\"margin:0;font-size:1em;--fontSize:26;--minFontSize:26;line-height:1.5;\">4. L\u00f6schung und Sperrung von Daten<\/h2><\/div><div class=\"fusion-text fusion-text-7\"><p>Ich halte mich an die Grunds\u00e4tze der Datenvermeidung und Datensparsamkeit. Ich speichere Ihre personenbezogenen Daten daher nur so lange, wie dies zur Erreichung der hier genannten Zwecke erforderlich ist oder wie es die von Gesetz- oder Verordnungsgebern vorgesehenen Speicherfristen vorsehen. Nach Fortfall des jeweiligen Zweckes bzw. Ablauf dieser Fristen werden die entsprechenden Daten routinem\u00e4\u00dfig und gem\u00e4\u00df den rechtlichen Vorgaben gesperrt oder gel\u00f6scht.<\/p>\n<\/div><div class=\"fusion-title title fusion-title-8 fusion-sep-none fusion-title-text fusion-title-size-two\" style=\"--awb-margin-top:40px;--awb-margin-bottom:15px;--awb-margin-top-small:40px;--awb-margin-bottom-small:15px;--awb-font-size:26px;\"><h2 class=\"fusion-title-heading title-heading-left fusion-responsive-typography-calculated\" style=\"margin:0;font-size:1em;--fontSize:26;--minFontSize:26;line-height:1.5;\">5. Betroffenenrechte<\/h2><\/div><div class=\"fusion-text fusion-text-8\"><p>Sie k\u00f6nnen jederzeit folgende Rechte aus\u00fcben:<\/p>\n<ul>\n<li>gem\u00e4\u00df Art. 15 DSGVO Auskunft \u00fcber Ihre bei mir gespeicherten Daten und deren Verarbeitung;<\/li>\n<li>gem\u00e4\u00df Art. 16 DSGVO Berichtigung unrichtiger personenbezogener Daten;<\/li>\n<li>gem\u00e4\u00df Art. 17 DSGVO L\u00f6schung Ihrer bei mir gespeicherten Daten, soweit nicht die Verarbeitung zur Aus\u00fcbung des Rechts auf freie Meinungs\u00e4u\u00dferung und Information, zur Erf\u00fcllung einer rechtlichen Verpflichtung, aus Gr\u00fcnden des \u00f6ffentlichen Interesses oder zur Geltendmachung, Aus\u00fcbung oder Verteidigung von Rechtsanspr\u00fcchen erforderlich ist;<\/li>\n<li>gem\u00e4\u00df Art. 18 DSGVO Einschr\u00e4nkung der Datenverarbeitung, sofern ich Ihre Daten aufgrund gesetzlicher Pflichten noch nicht l\u00f6schen darf;<\/li>\n<li>gem\u00e4\u00df Art. 20 DSGVO Daten\u00fcbertragbarkeit, sofern Sie in die Datenverarbeitung eingewilligt haben oder einen Vertrag mit mir abgeschlossen haben;<\/li>\n<li>gem\u00e4\u00df Art. 21 DSGVO Widerspruch gegen die Verarbeitung Ihrer Daten bei mir, soweit daf\u00fcr Gr\u00fcnde vorliegen, die sich aus Ihrer besonderen Situation ergeben oder sich der Widerspruch gegen Direktwerbung richtet. Im letzteren Fall haben Sie ein generelles Widerspruchsrecht, das ohne Angabe einer besonderen Situation von mir umgesetzt wird.<\/li>\n<\/ul>\n<p>Sofern Sie mir eine Einwilligung erteilt haben, k\u00f6nnen Sie diese jederzeit mit Wirkung f\u00fcr die Zukunft widerrufen.<\/p>\n<p>M\u00f6chten Sie von Ihrem Widerrufs- oder Widerspruchsrecht Gebrauch machen, kontaktieren Sie mich bitte per E-Mail unter <a href=\"mailto:service@hering-beratung.de\">service@hering-beratung.de&gt;<\/a>.<\/p>\n<p>Sie k\u00f6nnen sich jederzeit mit einer Beschwerde an die f\u00fcr Sie zust\u00e4ndige Aufsichtsbeh\u00f6rde wenden. Ihre zust\u00e4ndige Aufsichtsbeh\u00f6rde richtet sich nach dem Bundesland Ihres Wohnsitzes, Ihrer Arbeit oder der mutma\u00dflichen Verletzung. Eine Liste der Aufsichtsbeh\u00f6rden (f\u00fcr den nicht\u00f6ffentlichen Bereich) mit Anschrift finden Sie unter: <a href=\"https:\/\/www.bfdi.bund.de\/DE\/Infothek\/Anschriften_Links\/anschriften_links-node.html\" target=\"_blank\" rel=\"noopener noreferrer\">https:\/\/www.bfdi.bund.de\/DE\/Infothek\/Anschriften_Links\/anschriften_links-node.html<\/a><\/p>\n<\/div><div class=\"fusion-title title fusion-title-9 fusion-sep-none fusion-title-text fusion-title-size-two\" style=\"--awb-margin-top:40px;--awb-margin-bottom:15px;--awb-margin-top-small:40px;--awb-margin-bottom-small:15px;--awb-font-size:26px;\"><h2 class=\"fusion-title-heading title-heading-left fusion-responsive-typography-calculated\" style=\"margin:0;font-size:1em;--fontSize:26;--minFontSize:26;line-height:1.5;\">6. Datensicherheit<\/h2><\/div><div class=\"fusion-text fusion-text-9\"><p>Ich bediene mich geeigneter technischer und organisatorischer Sicherheitsma\u00dfnahmen, um Ihre Daten gegen zuf\u00e4llige oder vors\u00e4tzliche Manipulationen, teilweisen oder vollst\u00e4ndigen Verlust, Zerst\u00f6rung oder gegen den unbefugten Zugriff Dritter zu sch\u00fctzen. Entsprechende Sicherheitsma\u00dfnahmen werden \u2013 der technologischen Entwicklung folgend \u2013 fortlaufend verbessert.<\/p>\n<\/div><div class=\"fusion-title title fusion-title-10 fusion-sep-none fusion-title-text fusion-title-size-two\" style=\"--awb-margin-top:40px;--awb-margin-bottom:15px;--awb-margin-top-small:40px;--awb-margin-bottom-small:15px;--awb-font-size:26px;\"><h2 class=\"fusion-title-heading title-heading-left fusion-responsive-typography-calculated\" style=\"margin:0;font-size:1em;--fontSize:26;--minFontSize:26;line-height:1.5;\">7. Aktualit\u00e4t und \u00c4nderung dieser Datenschutzerkl\u00e4rung, Fragen<\/h2><\/div><div class=\"fusion-text fusion-text-10\"><p>Diese Datenschutzerkl\u00e4rung ist aktuell g\u00fcltig und hat den Stand Januar 2020.<\/p>\n<p>Ich behalte mir vor, diese Datenschutzerkl\u00e4rung anzupassen, damit sie stets den aktuellen rechtlichen Anforderungen entspricht oder um \u00c4nderungen meiner Leistungen in der Datenschutzerkl\u00e4rung umzusetzen, z.B. bei der Einf\u00fchrung neuer Services. F\u00fcr Ihren erneuten Besuch gilt dann die neue Datenschutzerkl\u00e4rung.<\/p>\n<p>Bitte z\u00f6gern Sie nicht, bei erg\u00e4nzenden Fragen zum Thema Datenschutz mit mir Kontakt aufzunehmen. Die relevanten Kontaktdaten ersehen Sie bitte aus Ziff. 1 dieser Datenschutzerkl\u00e4rung.<\/p>\n<p>Stand: 21.06.2021<\/p>\n<\/div><div class=\"fusion-sep-clear\"><\/div><div class=\"fusion-separator fusion-no-small-visibility fusion-full-width-sep\" style=\"margin-left: auto;margin-right: auto;margin-top:40px;width:100%;\"><\/div><div class=\"fusion-sep-clear\"><\/div><div class=\"fusion-clearfix\"><\/div><\/div><\/div><\/div><\/div><div class=\"fusion-fullwidth fullwidth-box fusion-builder-row-3 nonhundred-percent-fullwidth non-hundred-percent-height-scrolling\" style=\"--awb-border-radius-top-left:0px;--awb-border-radius-top-right:0px;--awb-border-radius-bottom-right:0px;--awb-border-radius-bottom-left:0px;--awb-padding-top:20px;--awb-padding-bottom:20px;--awb-margin-top:0px;--awb-margin-bottom:0px;--awb-background-color:#9b9b9b;--awb-flex-wrap:wrap;\" ><div class=\"fusion-builder-row fusion-row\"><div class=\"fusion-layout-column fusion_builder_column fusion-builder-column-3 fusion_builder_column_1_1 1_1 fusion-one-full fusion-column-first fusion-column-last\" style=\"--awb-padding-top:20px;--awb-bg-size:cover;\"><div class=\"fusion-column-wrapper fusion-column-has-shadow fusion-flex-column-wrapper-legacy\"><div class=\"fusion-text fusion-text-11\"><p style=\"text-align: center;\"><span style=\"color: #ffffff;\">Richard Hering, Dipl.-Psych. | Beratung &#8211; Assessment &#8211; Training<\/span><br \/>\n<span style=\"color: #ffffff;\">Phone: +49 \u2013 61 24 \u2013 72 59 060 | Fax: +49 \u2013 61 24 \u2013 72 59 061 | E-Mail: <a style=\"color: #ffffff;\" href=\"mailto:richard.hering@hering-beratung.de\">richard.hering@hering-beratung.de<\/a><\/span><br \/>\n<span style=\"color: #ffffff;\"><a style=\"color: #ffffff;\" href=\".\/impressum\/\">Legal notice (German)<\/a> | <a style=\"color: #ffffff;\" href=\".\/datenschutz\">Privacy policy (German)<\/a><\/span><\/p>\n<\/div><div class=\"fusion-clearfix\"><\/div><\/div><\/div><\/div><\/div><\/p>\n","protected":false},"excerpt":{"rendered":"","protected":false},"author":1,"featured_media":0,"parent":0,"menu_order":0,"comment_status":"closed","ping_status":"closed","template":"100-width.php","meta":{"footnotes":""},"class_list":["post-452","page","type-page","status-publish","hentry"],"_links":{"self":[{"href":"https:\/\/hering-beratung.de\/en\/wp-json\/wp\/v2\/pages\/452","targetHints":{"allow":["GET"]}}],"collection":[{"href":"https:\/\/hering-beratung.de\/en\/wp-json\/wp\/v2\/pages"}],"about":[{"href":"https:\/\/hering-beratung.de\/en\/wp-json\/wp\/v2\/types\/page"}],"author":[{"embeddable":true,"href":"https:\/\/hering-beratung.de\/en\/wp-json\/wp\/v2\/users\/1"}],"replies":[{"embeddable":true,"href":"https:\/\/hering-beratung.de\/en\/wp-json\/wp\/v2\/comments?post=452"}],"version-history":[{"count":22,"href":"https:\/\/hering-beratung.de\/en\/wp-json\/wp\/v2\/pages\/452\/revisions"}],"predecessor-version":[{"id":744,"href":"https:\/\/hering-beratung.de\/en\/wp-json\/wp\/v2\/pages\/452\/revisions\/744"}],"wp:attachment":[{"href":"https:\/\/hering-beratung.de\/en\/wp-json\/wp\/v2\/media?parent=452"}],"curies":[{"name":"wp","href":"https:\/\/api.w.org\/{rel}","templated":true}]}}